{"id":20364,"date":"2021-06-28T09:30:17","date_gmt":"2021-06-28T07:30:17","guid":{"rendered":"https:\/\/shapeproduktion.se\/tjanster\/"},"modified":"2022-05-31T12:22:42","modified_gmt":"2022-05-31T10:22:42","slug":"services","status":"publish","type":"page","link":"https:\/\/shapeproduktion.se\/en\/services\/","title":{"rendered":"Services"},"content":{"rendered":"\n\n\t<section class=\"section\" id=\"section_1231373514\">\n\t\t<div class=\"section-bg fill\" >\n\t\t\t\t\t\t\t\t\t\n\t\t\t\n\n\t\t<\/div>\n\n\t\t\n\n\t\t<div class=\"section-content relative\">\n\t\t\t\n\n\t<div id=\"gap-1356656824\" class=\"gap-element clearfix\" style=\"display:block; height:auto;\">\n\t\t\n<style>\n#gap-1356656824 {\n  padding-top: 20px;\n}\n@media (min-width:550px) {\n  #gap-1356656824 {\n    padding-top: 50px;\n  }\n}\n@media (min-width:850px) {\n  #gap-1356656824 {\n    padding-top: 80px;\n  }\n}\n<\/style>\n\t<\/div>\n\t\n\n<h1 style=\"text-align: center;\">Vi g\u00f6r verklighet av din id\u00e9<\/h1>\n<div class=\"row align-center\" style=\"max-width:\" id=\"row-1113672944\">\n\n\n\t<div id=\"col-431332880\" class=\"col medium-6 small-12 large-6\"  >\n\t\t\t\t<div class=\"col-inner\"  >\n\t\t\t\n\t\t\t\n\n\t<div id=\"text-948060325\" class=\"text\">\n\t\t\n\n<p>Har du en id\u00e9 eller f\u00e4rdiga skisser och vill g\u00f6ra verklighet av dessa? D\u00e5 har du kommit r\u00e4tt. Vi utvecklar, konstruerar och tillverkar i n\u00e4stintill alla k\u00e4nda material, och har den kunskap och erfarenhet som kr\u00e4vs f\u00f6r att samordna och producera delar av eller ett komplett inredningskoncept av h\u00f6g kvalitet.<\/p>\n<p>Kom med din id\u00e9 till oss och l\u00e5t oss ta hand om hela tillverkningsprocessen till att du har en f\u00e4rdig produkt.&nbsp;<\/p>\n\t\t\n<style>\n#text-948060325 {\n  text-align: center;\n}\n<\/style>\n\t<\/div>\n\t\n\n\t\t<\/div>\n\t\t\t\t\t<\/div>\n\n\t\n\n<\/div>\n\n  <div class=\"banner has-hover show-for-small\" id=\"banner-931269325\">\n          <div class=\"banner-inner fill\">\n        <div class=\"banner-bg fill\" >\n            <img loading=\"lazy\" decoding=\"async\" width=\"1020\" height=\"408\" src=\"https:\/\/shapeproduktion.se\/wp-content\/uploads\/2021\/07\/Vara-tjanster-bild-1980x792.jpg\" class=\"bg attachment-large size-large\" alt=\"\" \/>                                    \n                    <\/div>\n\t\t\n        <div class=\"banner-layers container\">\n            <div class=\"fill banner-link\"><\/div>            \n\n   <div id=\"text-box-1122205729\" class=\"text-box banner-layer x50 md-x50 lg-x50 y50 md-y50 lg-y50 res-text\">\n                                <div class=\"text-box-content text dark\">\n              \n              <div class=\"text-inner text-center\">\n                  \n\n\n              <\/div>\n           <\/div>\n                            \n<style>\n#text-box-1122205729 {\n  width: 60%;\n}\n#text-box-1122205729 .text-box-content {\n  font-size: 100%;\n}\n<\/style>\n    <\/div>\n \n\n        <\/div>\n      <\/div>\n\n            \n<style>\n#banner-931269325 {\n  padding-top: 192px;\n}\n#banner-931269325 .banner-bg img {\n  object-position: 50% 50%;\n}\n@media (min-width:550px) {\n  #banner-931269325 {\n    padding-top: 500px;\n  }\n}\n<\/style>\n  <\/div>\n\n\n\n\t\t<\/div>\n\n\t\t\n<style>\n#section_1231373514 {\n  padding-top: 0px;\n  padding-bottom: 0px;\n}\n<\/style>\n\t<\/section>\n\t\n\n\t<section class=\"section\" id=\"section_1042099911\">\n\t\t<div class=\"section-bg fill\" >\n\t\t\t\t\t\t\t\t\t\n\t\t\t\n\n\t\t<\/div>\n\n\t\t\n\n\t\t<div class=\"section-content relative\">\n\t\t\t\n\n<div class=\"row\" style=\"max-width:1440px\" id=\"row-2134502437\">\n\n\n\t<div id=\"col-1533915442\" class=\"col small-12 large-12\"  >\n\t\t\t\t<div class=\"col-inner\"  >\n\t\t\t\n\t\t\t\n\n<div class=\"row row-collapse\"  id=\"row-2137643742\">\n\n\n\t<div id=\"col-1258425020\" class=\"col small-12 large-12\"  >\n\t\t\t\t<div class=\"col-inner\"  >\n\t\t\t\n\t\t\t\n\n\t<div class=\"img has-hover hide-for-small x md-x lg-x y md-y lg-y\" id=\"image_2040125633\">\n\t\t\t\t\t\t\t\t<div class=\"img-inner image-zoom dark\" >\n\t\t\t<img loading=\"lazy\" decoding=\"async\" width=\"1020\" height=\"408\" src=\"https:\/\/shapeproduktion.se\/wp-content\/uploads\/2021\/07\/Vara-tjanster-bild-1980x792.jpg\" class=\"attachment-large size-large\" alt=\"\" srcset=\"https:\/\/shapeproduktion.se\/wp-content\/uploads\/2021\/07\/Vara-tjanster-bild-1980x792.jpg 1980w, https:\/\/shapeproduktion.se\/wp-content\/uploads\/2021\/07\/Vara-tjanster-bild-960x384.jpg 960w, https:\/\/shapeproduktion.se\/wp-content\/uploads\/2021\/07\/Vara-tjanster-bild-400x160.jpg 400w, https:\/\/shapeproduktion.se\/wp-content\/uploads\/2021\/07\/Vara-tjanster-bild-768x307.jpg 768w, https:\/\/shapeproduktion.se\/wp-content\/uploads\/2021\/07\/Vara-tjanster-bild-1536x614.jpg 1536w, https:\/\/shapeproduktion.se\/wp-content\/uploads\/2021\/07\/Vara-tjanster-bild-scaled.jpg 2048w\" sizes=\"auto, (max-width: 1020px) 100vw, 1020px\" \/>\t\t\t\t\t\t\n\t\t\t\t\t<\/div>\n\t\t\t\t\t\t\t\t\n<style>\n#image_2040125633 {\n  width: 100%;\n}\n<\/style>\n\t<\/div>\n\t\n\n\n\t\t<\/div>\n\t\t\t\t\t<\/div>\n\n\t\n\n<\/div>\n\n\t\t<\/div>\n\t\t\t\t\t<\/div>\n\n\t\n\n<\/div>\n\t<div id=\"gap-2102108362\" class=\"gap-element clearfix\" style=\"display:block; height:auto;\">\n\t\t\n<style>\n#gap-2102108362 {\n  padding-top: 0px;\n}\n<\/style>\n\t<\/div>\n\t\n\n\n\t\t<\/div>\n\n\t\t\n<style>\n#section_1042099911 {\n  padding-top: 0px;\n  padding-bottom: 0px;\n}\n<\/style>\n\t<\/section>\n\t\n\n\t<section class=\"section\" id=\"section_1203013962\">\n\t\t<div class=\"section-bg fill\" >\n\t\t\t\t\t\t\t\t\t\n\t\t\t\n\n\t\t<\/div>\n\n\t\t\n\n\t\t<div class=\"section-content relative\">\n\t\t\t\n\n<div class=\"row\" style=\"max-width:1493px\" id=\"row-1733064781\">\n\n\n\t<div id=\"col-1622862442\" class=\"col medium-3 small-6 large-3\"  >\n\t\t\t\t<div class=\"col-inner\"  >\n\t\t\t\n\t\t\t\n\n\n\t\t<div class=\"icon-box featured-box icon-box-center text-center\"  >\n\t\t\t\t\t<div class=\"icon-box-img\" style=\"width: 69px\">\n\t\t\t\t<div class=\"icon\">\n\t\t\t\t\t<div class=\"icon-inner\" >\n\t\t\t\t\t\t<img loading=\"lazy\" decoding=\"async\" width=\"329\" height=\"264\" src=\"https:\/\/shapeproduktion.se\/wp-content\/uploads\/2021\/06\/Inredning-symbol-3.png\" class=\"attachment-medium size-medium\" alt=\"\" \/>\t\t\t\t\t<\/div>\n\t\t\t\t<\/div>\n\t\t\t<\/div>\n\t\t\t\t<div class=\"icon-box-text last-reset\">\n\t\t\t\t\t\t\t\t\t\n\n\t<div id=\"text-2738949650\" class=\"text\">\n\t\t\n\n<h4 class=\"alt-font uppercase\"><span style=\"font-size: 80%;\">INREDNING<\/span><\/h4>\n<p>Kundunik inredning f\u00f6r offentlig milj\u00f6. Inredningsdetaljer eller komplett inredning f\u00f6r ex. butiker, lounger och studios.<\/p>\n\t\t\n<style>\n#text-2738949650 {\n  text-align: center;\n}\n<\/style>\n\t<\/div>\n\t\n\n\t\t<\/div>\n\t<\/div>\n\t\n\t\n\n\t\t<\/div>\n\t\t\t\t\t<\/div>\n\n\t\n\n\t<div id=\"col-1740795826\" class=\"col medium-3 small-6 large-3\"  >\n\t\t\t\t<div class=\"col-inner\"  >\n\t\t\t\n\t\t\t\n\n\n\t\t<div class=\"icon-box featured-box icon-box-center text-center\"  >\n\t\t\t\t\t<div class=\"icon-box-img\" style=\"width: 26px\">\n\t\t\t\t<div class=\"icon\">\n\t\t\t\t\t<div class=\"icon-inner\" >\n\t\t\t\t\t\t<img loading=\"lazy\" decoding=\"async\" width=\"130\" height=\"273\" src=\"https:\/\/shapeproduktion.se\/wp-content\/uploads\/2021\/06\/Display-symbol.png\" class=\"attachment-medium size-medium\" alt=\"\" \/>\t\t\t\t\t<\/div>\n\t\t\t\t<\/div>\n\t\t\t<\/div>\n\t\t\t\t<div class=\"icon-box-text last-reset\">\n\t\t\t\t\t\t\t\t\t\n\n<h4 class=\"alt-font uppercase\"><span style=\"font-size: 80%;\">ProduktDISPLAY<\/span><\/h4>\n<p>Anpassade l\u00f6sningar f\u00f6r att exponera er produkt. Bord-, v\u00e4gg- och golvdisplayer, podium eller bord. Vi lyfter din produkt.<\/p>\n\n\t\t<\/div>\n\t<\/div>\n\t\n\t\n\n\t\t<\/div>\n\t\t\t\t\t<\/div>\n\n\t\n\n\t<div id=\"col-573620263\" class=\"col medium-3 small-6 large-3\"  >\n\t\t\t\t<div class=\"col-inner\"  >\n\t\t\t\n\t\t\t\n\n\n\t\t<div class=\"icon-box featured-box icon-box-center text-center\"  >\n\t\t\t\t\t<div class=\"icon-box-img\" style=\"width: 54px\">\n\t\t\t\t<div class=\"icon\">\n\t\t\t\t\t<div class=\"icon-inner\" >\n\t\t\t\t\t\t<img loading=\"lazy\" decoding=\"async\" width=\"272\" height=\"272\" src=\"https:\/\/shapeproduktion.se\/wp-content\/uploads\/2021\/06\/Shop-in-shop-symbol.png\" class=\"attachment-medium size-medium\" alt=\"\" \/>\t\t\t\t\t<\/div>\n\t\t\t\t<\/div>\n\t\t\t<\/div>\n\t\t\t\t<div class=\"icon-box-text last-reset\">\n\t\t\t\t\t\t\t\t\t\n\n<h4 class=\"alt-font uppercase\"><span style=\"font-size: 80%;\">Shop in shop<\/span><\/h4>\n<p>Vi skapar en visuell plats f\u00f6r att lyfta din produkt och st\u00e4rka ditt varum\u00e4rke.<br \/>En <em>butik i butiken<\/em> f\u00f6rb\u00e4ttrar kundupplevelsen.<\/p>\n\n\t\t<\/div>\n\t<\/div>\n\t\n\t\n\n\t\t<\/div>\n\t\t\t\t\t<\/div>\n\n\t\n\n\t<div id=\"col-582886271\" class=\"col medium-3 small-6 large-3\"  >\n\t\t\t\t<div class=\"col-inner\"  >\n\t\t\t\n\t\t\t\n\n\n\t\t<div class=\"icon-box featured-box icon-box-center text-center\"  >\n\t\t\t\t\t<div class=\"icon-box-img\" style=\"width: 65px\">\n\t\t\t\t<div class=\"icon\">\n\t\t\t\t\t<div class=\"icon-inner\" >\n\t\t\t\t\t\t<img loading=\"lazy\" decoding=\"async\" width=\"333\" height=\"270\" src=\"https:\/\/shapeproduktion.se\/wp-content\/uploads\/2021\/06\/Koncept-symbol.png\" class=\"attachment-medium size-medium\" alt=\"\" \/>\t\t\t\t\t<\/div>\n\t\t\t\t<\/div>\n\t\t\t<\/div>\n\t\t\t\t<div class=\"icon-box-text last-reset\">\n\t\t\t\t\t\t\t\t\t\n\n<h4 class=\"alt-font uppercase\"><span style=\"font-size: 80%;\">InredningsKoncept<\/span><\/h4>\n<p>Vi tillverkar kompletta inredningskoncept utifr\u00e5n din id\u00e9 i samarbete med en etableringspartner.<\/p>\n\n\t\t<\/div>\n\t<\/div>\n\t\n\t\n\n\t\t<\/div>\n\t\t\t\t\t<\/div>\n\n\t\n\n<\/div>\n\n\t\t<\/div>\n\n\t\t\n<style>\n#section_1203013962 {\n  padding-top: 0px;\n  padding-bottom: 0px;\n}\n<\/style>\n\t<\/section>\n\t\n\t<div id=\"gap-618595813\" class=\"gap-element clearfix\" style=\"display:block; height:auto;\">\n\t\t\n<style>\n#gap-618595813 {\n  padding-top: 30px;\n}\n<\/style>\n\t<\/div>\n\t\n\n<div class=\"row\" style=\"max-width:555px\" id=\"row-738333979\">\n\n\n\t<div id=\"col-1952326662\" class=\"col small-12 large-12\"  >\n\t\t\t\t<div class=\"col-inner text-center\"  >\n\t\t\t\n\t\t\t\n\n<a href=\"https:\/\/shapeproduktion.se\/kontakt\/\" class=\"button success\" style=\"border-radius:99px;padding:5px 20px 5px 20px;\">\n\t\t<span>h\u00f6r av dig till oss med din id\u00e9<\/span>\n\t<\/a>\n\n\n\n\t\t<\/div>\n\t\t\t\t\t<\/div>\n\n\t\n\n<\/div>\n\t<div id=\"gap-66148274\" class=\"gap-element clearfix\" style=\"display:block; height:auto;\">\n\t\t\n<style>\n#gap-66148274 {\n  padding-top: 30px;\n}\n<\/style>\n\t<\/div>\n\t\n\n\n","protected":false},"excerpt":{"rendered":"","protected":false},"author":3,"featured_media":0,"parent":0,"menu_order":0,"comment_status":"closed","ping_status":"closed","template":"page-blank.php","meta":{"inline_featured_image":false,"footnotes":""},"class_list":["post-20364","page","type-page","status-publish","hentry"],"yoast_head":"<!-- This site is optimized with the Yoast SEO Premium plugin v21.9 (Yoast SEO v26.1) - https:\/\/yoast.com\/wordpress\/plugins\/seo\/ -->\n<title>Services &#8211; Shape Produktion<\/title>\n<meta name=\"description\" content=\"With the right knowledge and experience, we have what it takes to coordinate and produce high quality interior concepts.\" \/>\n<meta name=\"robots\" content=\"index, follow, max-snippet:-1, max-image-preview:large, max-video-preview:-1\" \/>\n<link rel=\"canonical\" href=\"https:\/\/shapeproduktion.se\/en\/services\/\" \/>\n<meta property=\"og:locale\" content=\"en_US\" \/>\n<meta property=\"og:type\" content=\"article\" \/>\n<meta property=\"og:title\" content=\"Services\" \/>\n<meta property=\"og:description\" content=\"With the right knowledge and experience, we have what it takes to coordinate and produce high quality interior concepts.\" \/>\n<meta property=\"og:url\" content=\"https:\/\/shapeproduktion.se\/en\/services\/\" \/>\n<meta property=\"og:site_name\" content=\"Shape Produktion\" \/>\n<meta property=\"article:publisher\" content=\"https:\/\/www.facebook.com\/shapeproduktion\/\" \/>\n<meta property=\"article:modified_time\" content=\"2022-05-31T10:22:42+00:00\" \/>\n<meta name=\"twitter:card\" content=\"summary_large_image\" \/>\n<meta name=\"twitter:label1\" content=\"Est. reading time\" \/>\n\t<meta name=\"twitter:data1\" content=\"2 minutes\" \/>\n<script type=\"application\/ld+json\" class=\"yoast-schema-graph\">{\"@context\":\"https:\/\/schema.org\",\"@graph\":[{\"@type\":\"WebPage\",\"@id\":\"https:\/\/shapeproduktion.se\/en\/services\/\",\"url\":\"https:\/\/shapeproduktion.se\/en\/services\/\",\"name\":\"Services &#8211; Shape Produktion\",\"isPartOf\":{\"@id\":\"https:\/\/shapeproduktion.se\/#website\"},\"datePublished\":\"2021-06-28T07:30:17+00:00\",\"dateModified\":\"2022-05-31T10:22:42+00:00\",\"description\":\"With the right knowledge and experience, we have what it takes to coordinate and produce high quality interior concepts.\",\"breadcrumb\":{\"@id\":\"https:\/\/shapeproduktion.se\/en\/services\/#breadcrumb\"},\"inLanguage\":\"en-US\",\"potentialAction\":[{\"@type\":\"ReadAction\",\"target\":[\"https:\/\/shapeproduktion.se\/en\/services\/\"]}]},{\"@type\":\"BreadcrumbList\",\"@id\":\"https:\/\/shapeproduktion.se\/en\/services\/#breadcrumb\",\"itemListElement\":[{\"@type\":\"ListItem\",\"position\":1,\"name\":\"Hem\",\"item\":\"https:\/\/shapeproduktion.se\/en\/\"},{\"@type\":\"ListItem\",\"position\":2,\"name\":\"Services\"}]},{\"@type\":\"WebSite\",\"@id\":\"https:\/\/shapeproduktion.se\/#website\",\"url\":\"https:\/\/shapeproduktion.se\/\",\"name\":\"Shape Produktion\",\"description\":\"\",\"potentialAction\":[{\"@type\":\"SearchAction\",\"target\":{\"@type\":\"EntryPoint\",\"urlTemplate\":\"https:\/\/shapeproduktion.se\/?s={search_term_string}\"},\"query-input\":{\"@type\":\"PropertyValueSpecification\",\"valueRequired\":true,\"valueName\":\"search_term_string\"}}],\"inLanguage\":\"en-US\"}]}<\/script>\n<!-- \/ Yoast SEO Premium plugin. -->","yoast_head_json":{"title":"Services &#8211; Shape Produktion","description":"With the right knowledge and experience, we have what it takes to coordinate and produce high quality interior concepts.","robots":{"index":"index","follow":"follow","max-snippet":"max-snippet:-1","max-image-preview":"max-image-preview:large","max-video-preview":"max-video-preview:-1"},"canonical":"https:\/\/shapeproduktion.se\/en\/services\/","og_locale":"en_US","og_type":"article","og_title":"Services","og_description":"With the right knowledge and experience, we have what it takes to coordinate and produce high quality interior concepts.","og_url":"https:\/\/shapeproduktion.se\/en\/services\/","og_site_name":"Shape Produktion","article_publisher":"https:\/\/www.facebook.com\/shapeproduktion\/","article_modified_time":"2022-05-31T10:22:42+00:00","twitter_card":"summary_large_image","twitter_misc":{"Est. reading time":"2 minutes"},"schema":{"@context":"https:\/\/schema.org","@graph":[{"@type":"WebPage","@id":"https:\/\/shapeproduktion.se\/en\/services\/","url":"https:\/\/shapeproduktion.se\/en\/services\/","name":"Services &#8211; Shape Produktion","isPartOf":{"@id":"https:\/\/shapeproduktion.se\/#website"},"datePublished":"2021-06-28T07:30:17+00:00","dateModified":"2022-05-31T10:22:42+00:00","description":"With the right knowledge and experience, we have what it takes to coordinate and produce high quality interior concepts.","breadcrumb":{"@id":"https:\/\/shapeproduktion.se\/en\/services\/#breadcrumb"},"inLanguage":"en-US","potentialAction":[{"@type":"ReadAction","target":["https:\/\/shapeproduktion.se\/en\/services\/"]}]},{"@type":"BreadcrumbList","@id":"https:\/\/shapeproduktion.se\/en\/services\/#breadcrumb","itemListElement":[{"@type":"ListItem","position":1,"name":"Hem","item":"https:\/\/shapeproduktion.se\/en\/"},{"@type":"ListItem","position":2,"name":"Services"}]},{"@type":"WebSite","@id":"https:\/\/shapeproduktion.se\/#website","url":"https:\/\/shapeproduktion.se\/","name":"Shape Produktion","description":"","potentialAction":[{"@type":"SearchAction","target":{"@type":"EntryPoint","urlTemplate":"https:\/\/shapeproduktion.se\/?s={search_term_string}"},"query-input":{"@type":"PropertyValueSpecification","valueRequired":true,"valueName":"search_term_string"}}],"inLanguage":"en-US"}]}},"_links":{"self":[{"href":"https:\/\/shapeproduktion.se\/en\/wp-json\/wp\/v2\/pages\/20364","targetHints":{"allow":["GET"]}}],"collection":[{"href":"https:\/\/shapeproduktion.se\/en\/wp-json\/wp\/v2\/pages"}],"about":[{"href":"https:\/\/shapeproduktion.se\/en\/wp-json\/wp\/v2\/types\/page"}],"author":[{"embeddable":true,"href":"https:\/\/shapeproduktion.se\/en\/wp-json\/wp\/v2\/users\/3"}],"replies":[{"embeddable":true,"href":"https:\/\/shapeproduktion.se\/en\/wp-json\/wp\/v2\/comments?post=20364"}],"version-history":[{"count":27,"href":"https:\/\/shapeproduktion.se\/en\/wp-json\/wp\/v2\/pages\/20364\/revisions"}],"predecessor-version":[{"id":20970,"href":"https:\/\/shapeproduktion.se\/en\/wp-json\/wp\/v2\/pages\/20364\/revisions\/20970"}],"wp:attachment":[{"href":"https:\/\/shapeproduktion.se\/en\/wp-json\/wp\/v2\/media?parent=20364"}],"curies":[{"name":"wp","href":"https:\/\/api.w.org\/{rel}","templated":true}]}}